{"id":23,"date":"2022-12-11T12:15:45","date_gmt":"2022-12-11T12:15:45","guid":{"rendered":"https:\/\/kristalyvendeghaz.hu\/?page_id=23"},"modified":"2025-02-13T09:50:35","modified_gmt":"2025-02-13T09:50:35","slug":"arak","status":"publish","type":"page","link":"https:\/\/kristalyvendeghaz.hu\/de\/arak\/","title":{"rendered":"Preise"},"content":{"rendered":"<div data-elementor-type=\"wp-page\" data-elementor-id=\"23\" class=\"elementor elementor-23\" data-elementor-post-type=\"page\">\n\t\t\t\t<div class=\"elementor-element elementor-element-4d34c467 elementor-hidden-tablet elementor-hidden-mobile e-flex e-con-boxed e-con e-parent\" data-id=\"4d34c467\" data-element_type=\"container\" data-e-type=\"container\" data-settings=\"{&quot;background_background&quot;:&quot;classic&quot;}\">\n\t\t\t\t\t<div class=\"e-con-inner\">\n\t\t<div class=\"elementor-element elementor-element-67049c2 e-con-full e-flex e-con e-child\" data-id=\"67049c2\" data-element_type=\"container\" data-e-type=\"container\">\n\t\t\t\t<div class=\"elementor-element elementor-element-7e72dcb1 elementor-widget elementor-widget-heading\" data-id=\"7e72dcb1\" data-element_type=\"widget\" data-e-type=\"widget\" data-widget_type=\"heading.default\">\n\t\t\t\t<div class=\"elementor-widget-container\">\n\t\t\t\t\t<h2 class=\"elementor-heading-title elementor-size-default\">Preise<\/h2>\t\t\t\t<\/div>\n\t\t\t\t<\/div>\n\t\t\t\t<div class=\"elementor-element elementor-element-39fe0640 elementor-widget elementor-widget-heading\" data-id=\"39fe0640\" data-element_type=\"widget\" data-e-type=\"widget\" data-widget_type=\"heading.default\">\n\t\t\t\t<div class=\"elementor-widget-container\">\n\t\t\t\t\t<h2 class=\"elementor-heading-title elementor-size-default\">Ruhe und Komfort in Bog\u00e1cs<\/h2>\t\t\t\t<\/div>\n\t\t\t\t<\/div>\n\t\t\t\t<div class=\"elementor-element elementor-element-405fc110 elementor-widget elementor-widget-button\" data-id=\"405fc110\" data-element_type=\"widget\" data-e-type=\"widget\" data-widget_type=\"button.default\">\n\t\t\t\t<div class=\"elementor-widget-container\">\n\t\t\t\t\t\t\t\t\t<div class=\"elementor-button-wrapper\">\n\t\t\t\t\t<a class=\"elementor-button elementor-button-link elementor-size-lg elementor-animation-grow\" href=\"https:\/\/kristalyvendeghaz.hu\/de\/kapcsolat\/#kapcsolat\">\n\t\t\t\t\t\t<span class=\"elementor-button-content-wrapper\">\n\t\t\t\t\t\t\t\t\t<span class=\"elementor-button-text\">Buchung<\/span>\n\t\t\t\t\t<\/span>\n\t\t\t\t\t<\/a>\n\t\t\t\t<\/div>\n\t\t\t\t\t\t\t\t<\/div>\n\t\t\t\t<\/div>\n\t\t\t\t<\/div>\n\t\t\t\t\t<\/div>\n\t\t\t\t<\/div>\n\t\t<div class=\"elementor-element elementor-element-7a13ec8f elementor-hidden-desktop e-flex e-con-boxed e-con e-parent\" data-id=\"7a13ec8f\" data-element_type=\"container\" data-e-type=\"container\" data-settings=\"{&quot;background_background&quot;:&quot;classic&quot;}\">\n\t\t\t\t\t<div class=\"e-con-inner\">\n\t\t<div class=\"elementor-element elementor-element-2cd140b e-con-full e-flex e-con e-child\" data-id=\"2cd140b\" data-element_type=\"container\" data-e-type=\"container\">\n\t\t\t\t<div class=\"elementor-element elementor-element-406d54d4 elementor-widget elementor-widget-heading\" data-id=\"406d54d4\" data-element_type=\"widget\" data-e-type=\"widget\" data-widget_type=\"heading.default\">\n\t\t\t\t<div class=\"elementor-widget-container\">\n\t\t\t\t\t<h2 class=\"elementor-heading-title elementor-size-default\">Preise<\/h2>\t\t\t\t<\/div>\n\t\t\t\t<\/div>\n\t\t\t\t<div class=\"elementor-element elementor-element-4d49b8c elementor-widget elementor-widget-heading\" data-id=\"4d49b8c\" data-element_type=\"widget\" data-e-type=\"widget\" data-widget_type=\"heading.default\">\n\t\t\t\t<div class=\"elementor-widget-container\">\n\t\t\t\t\t<h2 class=\"elementor-heading-title elementor-size-default\">Ruhe und Komfort in Bog\u00e1cs<\/h2>\t\t\t\t<\/div>\n\t\t\t\t<\/div>\n\t\t\t\t<div class=\"elementor-element elementor-element-56f1e4f3 elementor-widget elementor-widget-button\" data-id=\"56f1e4f3\" data-element_type=\"widget\" data-e-type=\"widget\" data-widget_type=\"button.default\">\n\t\t\t\t<div class=\"elementor-widget-container\">\n\t\t\t\t\t\t\t\t\t<div class=\"elementor-button-wrapper\">\n\t\t\t\t\t<a class=\"elementor-button elementor-button-link elementor-size-lg elementor-animation-grow\" href=\"https:\/\/kristalyvendeghaz.hu\/de\/kapcsolat\/#kapcsolat\">\n\t\t\t\t\t\t<span class=\"elementor-button-content-wrapper\">\n\t\t\t\t\t\t\t\t\t<span class=\"elementor-button-text\">Buchung<\/span>\n\t\t\t\t\t<\/span>\n\t\t\t\t\t<\/a>\n\t\t\t\t<\/div>\n\t\t\t\t\t\t\t\t<\/div>\n\t\t\t\t<\/div>\n\t\t\t\t<\/div>\n\t\t\t\t\t<\/div>\n\t\t\t\t<\/div>\n\t\t<div class=\"elementor-element elementor-element-5f4a4dc e-flex e-con-boxed e-con e-parent\" data-id=\"5f4a4dc\" data-element_type=\"container\" data-e-type=\"container\" data-settings=\"{&quot;background_background&quot;:&quot;classic&quot;}\">\n\t\t\t\t\t<div class=\"e-con-inner\">\n\t\t<div class=\"elementor-element elementor-element-9fc7cfd e-flex e-con-boxed e-con e-child\" data-id=\"9fc7cfd\" data-element_type=\"container\" data-e-type=\"container\">\n\t\t\t\t\t<div class=\"e-con-inner\">\n\t\t\t\t<div class=\"elementor-element elementor-element-d60de99 elementor-widget elementor-widget-heading\" data-id=\"d60de99\" data-element_type=\"widget\" data-e-type=\"widget\" data-widget_type=\"heading.default\">\n\t\t\t\t<div class=\"elementor-widget-container\">\n\t\t\t\t\t<h2 class=\"elementor-heading-title elementor-size-default\">Preise<\/h2>\t\t\t\t<\/div>\n\t\t\t\t<\/div>\n\t\t\t\t\t<\/div>\n\t\t\t\t<\/div>\n\t\t\t\t<div class=\"elementor-element elementor-element-6c6f4fd elementor-widget elementor-widget-text-editor\" data-id=\"6c6f4fd\" data-element_type=\"widget\" data-e-type=\"widget\" data-widget_type=\"text-editor.default\">\n\t\t\t\t<div class=\"elementor-widget-container\">\n\t\t\t\t\t\t\t\t\t<p>Auch f\u00fcr diskrete kleinere Veranstaltungen eignet sich das G\u00e4stehaus Krist\u00e1ly hervorragend. Jahresabschlussfeier, Klassentreffen, Junggesellenabschied, Junggesellinnenabschied ... usw. In unseren ger\u00e4umigen Zimmern finden 20-24 Personen bequem Platz.<\/p><p>Unser G\u00e4stehaus ca. Es liegt 300 Meter vom Kurkomplex entfernt, ist leicht an der Hauptstra\u00dfe zu finden und an der Stra\u00dfenecke (ca. 50 Meter) gibt es ein Lebensmittelgesch\u00e4ft, ein Caf\u00e9 und eine Konditorei.<\/p><p>Der Weinkeller ist 10 Gehminuten von unserem G\u00e4stehaus entfernt, wo Besucher von Bog\u00e1cs jedes Wochenende mit Musik- und Tanzunterhaltung unterhalten werden. Dar\u00fcber hinaus bereichern zu jeder Jahreszeit bunte Programme und abwechslungsreiche Veranstaltungen das Leben in Bog\u00e1cs, damit die Besucher m\u00f6glichst viele unvergessliche Erlebnisse genie\u00dfen k\u00f6nnen.<\/p><p>G\u00e4ste, die sich entspannen m\u00f6chten, sind das ganze Jahr \u00fcber willkommen! Buchen Sie jetzt!<\/p>\t\t\t\t\t\t\t\t<\/div>\n\t\t\t\t<\/div>\n\t\t\t\t\t<\/div>\n\t\t\t\t<\/div>\n\t\t<div class=\"elementor-element elementor-element-c0bfb89 e-flex e-con-boxed e-con e-parent\" data-id=\"c0bfb89\" data-element_type=\"container\" data-e-type=\"container\" data-settings=\"{&quot;background_background&quot;:&quot;classic&quot;}\">\n\t\t\t\t\t<div class=\"e-con-inner\">\n\t\t<div class=\"elementor-element elementor-element-2228ed7 e-flex e-con-boxed e-con e-child\" data-id=\"2228ed7\" data-element_type=\"container\" data-e-type=\"container\">\n\t\t\t\t\t<div class=\"e-con-inner\">\n\t\t\t\t<div class=\"elementor-element elementor-element-ec5cbaf elementor-widget elementor-widget-heading\" data-id=\"ec5cbaf\" data-element_type=\"widget\" data-e-type=\"widget\" data-widget_type=\"heading.default\">\n\t\t\t\t<div class=\"elementor-widget-container\">\n\t\t\t\t\t<h2 class=\"elementor-heading-title elementor-size-default\">Die Zimmer unseres G\u00e4stehauses sind wie folgt buchbar:<\/h2>\t\t\t\t<\/div>\n\t\t\t\t<\/div>\n\t\t<div class=\"elementor-element elementor-element-dd9cc42 e-flex e-con-boxed elementor-invisible e-con e-child\" data-id=\"dd9cc42\" data-element_type=\"container\" data-e-type=\"container\" data-settings=\"{&quot;animation&quot;:&quot;fadeIn&quot;,&quot;animation_delay&quot;:500}\">\n\t\t\t\t\t<div class=\"e-con-inner\">\n\t\t\t\t<div class=\"elementor-element elementor-element-d7a7623 elementor-widget elementor-widget-heading\" data-id=\"d7a7623\" data-element_type=\"widget\" data-e-type=\"widget\" data-widget_type=\"heading.default\">\n\t\t\t\t<div class=\"elementor-widget-container\">\n\t\t\t\t\t<h2 class=\"elementor-heading-title elementor-size-default\">Wochentags (Sonntag-Donnerstag)<\/h2>\t\t\t\t<\/div>\n\t\t\t\t<\/div>\n\t\t\t\t<div class=\"elementor-element elementor-element-b1b9d53 elementor-widget elementor-widget-heading\" data-id=\"b1b9d53\" data-element_type=\"widget\" data-e-type=\"widget\" data-widget_type=\"heading.default\">\n\t\t\t\t<div class=\"elementor-widget-container\">\n\t\t\t\t\t<h2 class=\"elementor-heading-title elementor-size-default\">11.000 HUF\/Person\/Nacht<\/h2>\t\t\t\t<\/div>\n\t\t\t\t<\/div>\n\t\t\t\t\t<\/div>\n\t\t\t\t<\/div>\n\t\t<div class=\"elementor-element elementor-element-c2c0c60 e-flex e-con-boxed elementor-invisible e-con e-child\" data-id=\"c2c0c60\" data-element_type=\"container\" data-e-type=\"container\" data-settings=\"{&quot;animation&quot;:&quot;fadeIn&quot;,&quot;animation_delay&quot;:600}\">\n\t\t\t\t\t<div class=\"e-con-inner\">\n\t\t\t\t<div class=\"elementor-element elementor-element-7b5acc6 elementor-widget elementor-widget-heading\" data-id=\"7b5acc6\" data-element_type=\"widget\" data-e-type=\"widget\" data-widget_type=\"heading.default\">\n\t\t\t\t<div class=\"elementor-widget-container\">\n\t\t\t\t\t<h2 class=\"elementor-heading-title elementor-size-default\">Zwischen 15. Juni und 31. August an Wochenenden (Freitag-Samstag)<\/h2>\t\t\t\t<\/div>\n\t\t\t\t<\/div>\n\t\t\t\t<div class=\"elementor-element elementor-element-9cf0ec4 elementor-widget elementor-widget-heading\" data-id=\"9cf0ec4\" data-element_type=\"widget\" data-e-type=\"widget\" data-widget_type=\"heading.default\">\n\t\t\t\t<div class=\"elementor-widget-container\">\n\t\t\t\t\t<h2 class=\"elementor-heading-title elementor-size-default\">12.900 HUF\/Person\/Nacht<\/h2>\t\t\t\t<\/div>\n\t\t\t\t<\/div>\n\t\t\t\t\t<\/div>\n\t\t\t\t<\/div>\n\t\t<div class=\"elementor-element elementor-element-a1ba67b e-flex e-con-boxed elementor-invisible e-con e-child\" data-id=\"a1ba67b\" data-element_type=\"container\" data-e-type=\"container\" data-settings=\"{&quot;animation&quot;:&quot;fadeIn&quot;,&quot;animation_delay&quot;:800}\">\n\t\t\t\t\t<div class=\"e-con-inner\">\n\t\t\t\t<div class=\"elementor-element elementor-element-275bd9d elementor-widget elementor-widget-heading\" data-id=\"275bd9d\" data-element_type=\"widget\" data-e-type=\"widget\" data-widget_type=\"heading.default\">\n\t\t\t\t<div class=\"elementor-widget-container\">\n\t\t\t\t\t<h2 class=\"elementor-heading-title elementor-size-default\">Geb\u00fchr f\u00fcr die Nutzung des Jacuzzis: 5.000 HUF\/Person\/Tag<\/h2>\t\t\t\t<\/div>\n\t\t\t\t<\/div>\n\t\t\t\t<div class=\"elementor-element elementor-element-dc91e2b elementor-widget elementor-widget-heading\" data-id=\"dc91e2b\" data-element_type=\"widget\" data-e-type=\"widget\" data-widget_type=\"heading.default\">\n\t\t\t\t<div class=\"elementor-widget-container\">\n\t\t\t\t\t<h2 class=\"elementor-heading-title elementor-size-default\">Die Nutzung des Jacuzzis kostet bei mehr als 6 Personen 20.000 HUF pro Tag<\/h2>\t\t\t\t<\/div>\n\t\t\t\t<\/div>\n\t\t\t\t\t<\/div>\n\t\t\t\t<\/div>\n\t\t<div class=\"elementor-element elementor-element-750fdc2 e-flex e-con-boxed e-con e-child\" data-id=\"750fdc2\" data-element_type=\"container\" data-e-type=\"container\">\n\t\t\t\t\t<div class=\"e-con-inner\">\n\t\t\t\t<div class=\"elementor-element elementor-element-7f7c937 elementor-widget elementor-widget-heading\" data-id=\"7f7c937\" data-element_type=\"widget\" data-e-type=\"widget\" data-widget_type=\"heading.default\">\n\t\t\t\t<div class=\"elementor-widget-container\">\n\t\t\t\t\t<h2 class=\"elementor-heading-title elementor-size-default\">Die Preise sind Richtpreise und enthalten nicht die Kurtaxe, die 500 HUF\/Tag\/Person betr\u00e4gt.<\/h2>\t\t\t\t<\/div>\n\t\t\t\t<\/div>\n\t\t\t\t<div class=\"elementor-element elementor-element-a776bf5 elementor-widget elementor-widget-heading\" data-id=\"a776bf5\" data-element_type=\"widget\" data-e-type=\"widget\" data-widget_type=\"heading.default\">\n\t\t\t\t<div class=\"elementor-widget-container\">\n\t\t\t\t\t<h2 class=\"elementor-heading-title elementor-size-default\">Zustellbett: 5.000 HUF\/Person\/Nacht<\/h2>\t\t\t\t<\/div>\n\t\t\t\t<\/div>\n\t\t\t\t\t<\/div>\n\t\t\t\t<\/div>\n\t\t\t\t\t<\/div>\n\t\t\t\t<\/div>\n\t\t\t\t<div class=\"elementor-element elementor-element-7755298 elementor-align-center elementor-widget elementor-widget-button\" data-id=\"7755298\" data-element_type=\"widget\" data-e-type=\"widget\" data-widget_type=\"button.default\">\n\t\t\t\t<div class=\"elementor-widget-container\">\n\t\t\t\t\t\t\t\t\t<div class=\"elementor-button-wrapper\">\n\t\t\t\t\t<a class=\"elementor-button elementor-button-link elementor-size-lg elementor-animation-grow\" href=\"https:\/\/kristalyvendeghaz.hu\/de\/kapcsolat\/#kapcsolat\">\n\t\t\t\t\t\t<span class=\"elementor-button-content-wrapper\">\n\t\t\t\t\t\t\t\t\t<span class=\"elementor-button-text\">Buchung<\/span>\n\t\t\t\t\t<\/span>\n\t\t\t\t\t<\/a>\n\t\t\t\t<\/div>\n\t\t\t\t\t\t\t\t<\/div>\n\t\t\t\t<\/div>\n\t\t\t\t\t<\/div>\n\t\t\t\t<\/div>\n\t\t<div class=\"elementor-element elementor-element-81ac355 e-con-full e-flex e-con e-parent\" data-id=\"81ac355\" data-element_type=\"container\" data-e-type=\"container\" data-settings=\"{&quot;background_background&quot;:&quot;gradient&quot;}\">\n\t\t\t\t<div class=\"elementor-element elementor-element-3608a42 elementor-widget elementor-widget-image-carousel\" data-id=\"3608a42\" data-element_type=\"widget\" data-e-type=\"widget\" data-settings=\"{&quot;slides_to_show&quot;:&quot;3&quot;,&quot;slides_to_scroll&quot;:&quot;1&quot;,&quot;navigation&quot;:&quot;none&quot;,&quot;pause_on_hover&quot;:&quot;no&quot;,&quot;pause_on_interaction&quot;:&quot;no&quot;,&quot;autoplay&quot;:&quot;yes&quot;,&quot;autoplay_speed&quot;:5000,&quot;infinite&quot;:&quot;yes&quot;,&quot;speed&quot;:500}\" data-widget_type=\"image-carousel.default\">\n\t\t\t\t<div class=\"elementor-widget-container\">\n\t\t\t\t\t\t\t<div class=\"elementor-image-carousel-wrapper swiper\" role=\"region\" aria-roledescription=\"carousel\" aria-label=\"Bild-Karussell\" dir=\"ltr\">\n\t\t\t<div class=\"elementor-image-carousel swiper-wrapper\" aria-live=\"off\">\n\t\t\t\t\t\t\t\t<div class=\"swiper-slide\" role=\"group\" aria-roledescription=\"slide\" aria-label=\"1 von 9\"><figure class=\"swiper-slide-inner\"><img decoding=\"async\" class=\"swiper-slide-image\" src=\"https:\/\/kristalyvendeghaz.hu\/wp-content\/uploads\/elementor\/thumbs\/JPG_9097-1-pz0d9x8vxxqbi39astoylhldgszqulq0sy8yawhjy8.png\" alt=\"JPG_9097 1\" \/><\/figure><\/div><div class=\"swiper-slide\" role=\"group\" aria-roledescription=\"slide\" aria-label=\"2 von 9\"><figure class=\"swiper-slide-inner\"><img decoding=\"async\" class=\"swiper-slide-image\" src=\"https:\/\/kristalyvendeghaz.hu\/wp-content\/uploads\/elementor\/thumbs\/20190829_104106-scaled-pz5vitbt9tlhrmixda9py0oqt65xpdop1a6izgjq68.jpg\" alt=\"\" \/><\/figure><\/div><div class=\"swiper-slide\" role=\"group\" aria-roledescription=\"slide\" aria-label=\"3 von 9\"><figure class=\"swiper-slide-inner\"><img decoding=\"async\" class=\"swiper-slide-image\" src=\"https:\/\/kristalyvendeghaz.hu\/wp-content\/uploads\/elementor\/thumbs\/JPG_9108-2-pz0d9z4kblsw5b6khui7qh4ankqh9zxhh7jx9gerls.png\" alt=\"JPG_9108 2\" \/><\/figure><\/div><div class=\"swiper-slide\" role=\"group\" aria-roledescription=\"slide\" aria-label=\"4 von 9\"><figure class=\"swiper-slide-inner\"><img decoding=\"async\" class=\"swiper-slide-image\" src=\"https:\/\/kristalyvendeghaz.hu\/wp-content\/uploads\/elementor\/thumbs\/JPG_9115-1-pz0da1y2w3wr452h1dq3fyeofqckx38ohlidpaal34.png\" alt=\"JPG_9115 1\" \/><\/figure><\/div><div class=\"swiper-slide\" role=\"group\" aria-roledescription=\"slide\" aria-label=\"5 von 9\"><figure class=\"swiper-slide-inner\"><img decoding=\"async\" class=\"swiper-slide-image\" src=\"https:\/\/kristalyvendeghaz.hu\/wp-content\/uploads\/elementor\/thumbs\/JPG_9130-1-pz0da3tr9rzbrczqqejckxxlmi3bchg55utcnu7sqo.png\" alt=\"JPG_9130 1\" \/><\/figure><\/div><div class=\"swiper-slide\" role=\"group\" aria-roledescription=\"slide\" aria-label=\"6 von 9\"><figure class=\"swiper-slide-inner\"><img decoding=\"async\" class=\"swiper-slide-image\" src=\"https:\/\/kristalyvendeghaz.hu\/wp-content\/uploads\/elementor\/thumbs\/JPG_9133-1-pz0da5pfng1wekx0ffclpxgit9u1rvnlu44bme50e8.png\" alt=\"JPG_9133 1\" \/><\/figure><\/div><div class=\"swiper-slide\" role=\"group\" aria-roledescription=\"slide\" aria-label=\"7 von 9\"><figure class=\"swiper-slide-inner\"><img decoding=\"async\" class=\"swiper-slide-image\" src=\"https:\/\/kristalyvendeghaz.hu\/wp-content\/uploads\/elementor\/thumbs\/JPG_9135-4-pz0da7l4144h1sua4g5uuwzg01ks79v2idfaky281s.png\" alt=\"JPG_9135 4\" \/><\/figure><\/div><div class=\"swiper-slide\" role=\"group\" aria-roledescription=\"slide\" aria-label=\"8 von 9\"><figure class=\"swiper-slide-inner\"><img decoding=\"async\" class=\"swiper-slide-image\" src=\"https:\/\/kristalyvendeghaz.hu\/wp-content\/uploads\/elementor\/thumbs\/JPG_9137-4-pz0da9gses71p0rjtgz3zwid6tbimo2j6mq9jhzfpc.png\" alt=\"JPG_9137 4\" \/><\/figure><\/div><div class=\"swiper-slide\" role=\"group\" aria-roledescription=\"slide\" aria-label=\"9 von 9\"><figure class=\"swiper-slide-inner\"><img decoding=\"async\" class=\"swiper-slide-image\" src=\"https:\/\/kristalyvendeghaz.hu\/wp-content\/uploads\/elementor\/thumbs\/20190829_104358-scaled-pz5viy107zrxdoc3luaushi1s3irrv7cpxfyducrb4.jpg\" alt=\"\" \/><\/figure><\/div>\t\t\t<\/div>\n\t\t\t\t\t\t\t\n\t\t\t\t\t\t\t\t\t<\/div>\n\t\t\t\t\t\t<\/div>\n\t\t\t\t<\/div>\n\t\t\t\t<\/div>\n\t\t<div class=\"elementor-element elementor-element-32f219bd e-flex e-con-boxed e-con e-parent\" data-id=\"32f219bd\" data-element_type=\"container\" data-e-type=\"container\" data-settings=\"{&quot;background_background&quot;:&quot;classic&quot;}\">\n\t\t\t\t\t<div class=\"e-con-inner\">\n\t\t<div class=\"elementor-element elementor-element-3fe79f8f e-flex e-con-boxed e-con e-child\" data-id=\"3fe79f8f\" data-element_type=\"container\" data-e-type=\"container\">\n\t\t\t\t\t<div class=\"e-con-inner\">\n\t\t\t\t<div class=\"elementor-element elementor-element-19b90423 elementor-widget elementor-widget-heading\" data-id=\"19b90423\" data-element_type=\"widget\" data-e-type=\"widget\" data-widget_type=\"heading.default\">\n\t\t\t\t<div class=\"elementor-widget-container\">\n\t\t\t\t\t<h2 class=\"elementor-heading-title elementor-size-default\">G\u00e4stehaus Crystal<\/h2>\t\t\t\t<\/div>\n\t\t\t\t<\/div>\n\t\t\t\t<div class=\"elementor-element elementor-element-7068f0ea elementor-widget elementor-widget-heading\" data-id=\"7068f0ea\" data-element_type=\"widget\" data-e-type=\"widget\" data-widget_type=\"heading.default\">\n\t\t\t\t<div class=\"elementor-widget-container\">\n\t\t\t\t\t<h2 class=\"elementor-heading-title elementor-size-default\">Ruhe und Komfort in Bog\u00e1cs<\/h2>\t\t\t\t<\/div>\n\t\t\t\t<\/div>\n\t\t\t\t<div class=\"elementor-element elementor-element-c01f25f elementor-widget elementor-widget-button\" data-id=\"c01f25f\" data-element_type=\"widget\" data-e-type=\"widget\" data-widget_type=\"button.default\">\n\t\t\t\t<div class=\"elementor-widget-container\">\n\t\t\t\t\t\t\t\t\t<div class=\"elementor-button-wrapper\">\n\t\t\t\t\t<a class=\"elementor-button elementor-button-link elementor-size-lg elementor-animation-grow\" href=\"https:\/\/kristalyvendeghaz.hu\/de\/kapcsolat\/#kapcsolat\">\n\t\t\t\t\t\t<span class=\"elementor-button-content-wrapper\">\n\t\t\t\t\t\t\t\t\t<span class=\"elementor-button-text\">Buchung<\/span>\n\t\t\t\t\t<\/span>\n\t\t\t\t\t<\/a>\n\t\t\t\t<\/div>\n\t\t\t\t\t\t\t\t<\/div>\n\t\t\t\t<\/div>\n\t\t\t\t\t<\/div>\n\t\t\t\t<\/div>\n\t\t\t\t\t<\/div>\n\t\t\t\t<\/div>\n\t\t\t\t<\/div>","protected":false},"excerpt":{"rendered":"<p>\u00c1rak Nyugalom \u00e9s k\u00e9nyelem Bog\u00e1cson Foglal\u00e1s \u00c1rak Nyugalom \u00e9s k\u00e9nyelem Bog\u00e1cson Foglal\u00e1s \u00c1rak A Krist\u00e1ly vend\u00e9gh\u00e1z ide\u00e1lis kisebb rendezv\u00e9nyek diszkr\u00e9t lebonyol\u00edt\u00e1s\u00e1ra is. \u00c9vz\u00e1r\u00f3 party, oszt\u00e1lytalalkoz\u00f3, leg\u00e9nyb\u00facs\u00fa, le\u00e1nyb\u00facs\u00fa\u2026. stb. 20-24 f\u0151 k\u00e9nyelmesen elf\u00e9r t\u00e1gas szob\u00e1inkban. Vend\u00e9gh\u00e1zunk kb. 300 m\u00e9terre tal\u00e1lhat\u00f3 a f\u00fcrd\u0151komplexumt\u00f3l, f\u0151utc\u00e1n k\u00f6nnyen megtal\u00e1lhat\u00f3 \u00e9s az utcasarkon tal\u00e1lhat\u00f3 (kb 50 m\u00e9ter) az \u00e9lelmiszerbolt, a k\u00e1v\u00e9z\u00f3 [&hellip;]<\/p>\n","protected":false},"author":1,"featured_media":0,"parent":0,"menu_order":0,"comment_status":"closed","ping_status":"closed","template":"elementor_header_footer","meta":{"_seopress_robots_primary_cat":"","_seopress_titles_title":"","_seopress_titles_desc":"","_seopress_robots_index":"","footnotes":""},"class_list":["post-23","page","type-page","status-publish","hentry"],"_links":{"self":[{"href":"https:\/\/kristalyvendeghaz.hu\/de\/wp-json\/wp\/v2\/pages\/23","targetHints":{"allow":["GET"]}}],"collection":[{"href":"https:\/\/kristalyvendeghaz.hu\/de\/wp-json\/wp\/v2\/pages"}],"about":[{"href":"https:\/\/kristalyvendeghaz.hu\/de\/wp-json\/wp\/v2\/types\/page"}],"author":[{"embeddable":true,"href":"https:\/\/kristalyvendeghaz.hu\/de\/wp-json\/wp\/v2\/users\/1"}],"replies":[{"embeddable":true,"href":"https:\/\/kristalyvendeghaz.hu\/de\/wp-json\/wp\/v2\/comments?post=23"}],"version-history":[{"count":133,"href":"https:\/\/kristalyvendeghaz.hu\/de\/wp-json\/wp\/v2\/pages\/23\/revisions"}],"predecessor-version":[{"id":1258,"href":"https:\/\/kristalyvendeghaz.hu\/de\/wp-json\/wp\/v2\/pages\/23\/revisions\/1258"}],"wp:attachment":[{"href":"https:\/\/kristalyvendeghaz.hu\/de\/wp-json\/wp\/v2\/media?parent=23"}],"curies":[{"name":"wp","href":"https:\/\/api.w.org\/{rel}","templated":true}]}}